{"id":4431,"date":"2016-11-04T14:24:20","date_gmt":"2016-11-04T14:24:20","guid":{"rendered":"https:\/\/www.merchantconnections.com\/servicios\/"},"modified":"2023-01-13T19:59:29","modified_gmt":"2023-01-13T19:59:29","slug":"servicios","status":"publish","type":"page","link":"https:\/\/www.merchantconnections.com\/es\/servicios\/","title":{"rendered":"Servicios"},"content":{"rendered":"<p>[et_pb_section fb_built=\u00bb1&#8243; fullwidth=\u00bbon\u00bb _builder_version=\u00bb4.16&#8243; transparent_background=\u00bboff\u00bb make_fullwidth=\u00bboff\u00bb use_custom_width=\u00bboff\u00bb width_unit=\u00bboff\u00bb custom_width_px=\u00bb1080px\u00bb custom_width_percent=\u00bb80%\u00bb global_colors_info=\u00bb{}\u00bb][et_pb_fullwidth_slider _builder_version=\u00bb4.16&#8243; custom_padding=\u00bb|||\u00bb custom_padding_tablet=\u00bb|||\u00bb custom_padding_phone=\u00bb|||\u00bb box_shadow_style=\u00bbpreset6&#8243; box_shadow_blur=\u00bb10px\u00bb box_shadow_color=\u00bbrgba(0,0,0,0.1)\u00bb remove_inner_shadow=\u00bboff\u00bb hide_content_on_mobile=\u00bboff\u00bb hide_cta_on_mobile=\u00bboff\u00bb show_inner_shadow=\u00bbon\u00bb button_letter_spacing_hover=\u00bb0&#8243; global_colors_info=\u00bb{}\u00bb button_text_size__hover_enabled=\u00bboff\u00bb button_one_text_size__hover_enabled=\u00bboff\u00bb button_two_text_size__hover_enabled=\u00bboff\u00bb button_text_color__hover_enabled=\u00bboff\u00bb button_one_text_color__hover_enabled=\u00bboff\u00bb button_two_text_color__hover_enabled=\u00bboff\u00bb button_border_width__hover_enabled=\u00bboff\u00bb button_one_border_width__hover_enabled=\u00bboff\u00bb button_two_border_width__hover_enabled=\u00bboff\u00bb button_border_color__hover_enabled=\u00bboff\u00bb button_one_border_color__hover_enabled=\u00bboff\u00bb button_two_border_color__hover_enabled=\u00bboff\u00bb button_border_radius__hover_enabled=\u00bboff\u00bb button_one_border_radius__hover_enabled=\u00bboff\u00bb button_two_border_radius__hover_enabled=\u00bboff\u00bb button_letter_spacing__hover_enabled=\u00bbon\u00bb button_letter_spacing__hover=\u00bb0&#8243; button_one_letter_spacing__hover_enabled=\u00bboff\u00bb button_two_letter_spacing__hover_enabled=\u00bboff\u00bb button_bg_color__hover_enabled=\u00bboff\u00bb button_one_bg_color__hover_enabled=\u00bboff\u00bb button_two_bg_color__hover_enabled=\u00bboff\u00bb][et_pb_slide heading=\u00bbServicios\u00bb use_bg_overlay=\u00bbon\u00bb bg_overlay_color=\u00bbrgba(0,0,0,0.66)\u00bb _builder_version=\u00bb4.16&#8243; background_color=\u00bb#ffffff\u00bb background_image=\u00bb\/wp-content\/uploads\/2017\/01\/shutterstock_55566304.jpg\u00bb global_colors_info=\u00bb{}\u00bb sticky_transition=\u00bbon\u00bb button_text_size__hover_enabled=\u00bboff\u00bb button_one_text_size__hover_enabled=\u00bboff\u00bb button_two_text_size__hover_enabled=\u00bboff\u00bb button_text_color__hover_enabled=\u00bboff\u00bb button_one_text_color__hover_enabled=\u00bboff\u00bb button_two_text_color__hover_enabled=\u00bboff\u00bb button_border_width__hover_enabled=\u00bboff\u00bb button_one_border_width__hover_enabled=\u00bboff\u00bb button_two_border_width__hover_enabled=\u00bboff\u00bb button_border_color__hover_enabled=\u00bboff\u00bb button_one_border_color__hover_enabled=\u00bboff\u00bb button_two_border_color__hover_enabled=\u00bboff\u00bb button_border_radius__hover_enabled=\u00bboff\u00bb button_one_border_radius__hover_enabled=\u00bboff\u00bb button_two_border_radius__hover_enabled=\u00bboff\u00bb button_letter_spacing__hover_enabled=\u00bboff\u00bb button_one_letter_spacing__hover_enabled=\u00bboff\u00bb button_two_letter_spacing__hover_enabled=\u00bboff\u00bb button_bg_color__hover_enabled=\u00bboff\u00bb button_one_bg_color__hover_enabled=\u00bboff\u00bb button_two_bg_color__hover_enabled=\u00bboff\u00bb][\/et_pb_slide][\/et_pb_fullwidth_slider][\/et_pb_section][et_pb_section fb_built=\u00bb1&#8243; custom_padding_last_edited=\u00bbon|desktop\u00bb _builder_version=\u00bb4.16&#8243; custom_padding_tablet=\u00bb50px|0|50px|0&#8243; transparent_background=\u00bboff\u00bb padding_mobile=\u00bboff\u00bb make_fullwidth=\u00bboff\u00bb use_custom_width=\u00bboff\u00bb width_unit=\u00bboff\u00bb custom_width_px=\u00bb1080px\u00bb custom_width_percent=\u00bb80%\u00bb global_colors_info=\u00bb{}\u00bb custom_padding_phone=\u00bb50px|0|50px|0&#8243;][et_pb_row padding_mobile=\u00bboff\u00bb column_padding_mobile=\u00bbon\u00bb _builder_version=\u00bb4.16&#8243; background_size=\u00bbinitial\u00bb background_position=\u00bbtop_left\u00bb background_repeat=\u00bbrepeat\u00bb make_fullwidth=\u00bboff\u00bb use_custom_width=\u00bboff\u00bb width_unit=\u00bboff\u00bb custom_width_px=\u00bb1080px\u00bb custom_width_percent=\u00bb80%\u00bb global_colors_info=\u00bb{}\u00bb][et_pb_column type=\u00bb4_4&#8243; _builder_version=\u00bb4.16&#8243; custom_padding=\u00bb|||\u00bb global_colors_info=\u00bb{}\u00bb custom_padding__hover=\u00bb|||\u00bb][et_pb_text _builder_version=\u00bb4.16&#8243; background_size=\u00bbinitial\u00bb background_position=\u00bbtop_left\u00bb background_repeat=\u00bbrepeat\u00bb use_border_color=\u00bboff\u00bb border_style=\u00bbsolid\u00bb global_colors_info=\u00bb{}\u00bb]<\/p>\n<p><strong>Procesamiento de pagos<\/strong><\/p>\n<p>Procesamiento multihilo de alto rendimiento. Trabaja eficazmente con archivos por lotes peque\u00f1os y grandes, desde archivos que contienen cientos de transacciones hasta archivos que contienen cientos de miles de transacciones.<\/p>\n<p><strong><\/strong><\/p>\n<p><strong>Procesamiento por terceros<\/strong><\/p>\n<p>Tener poco o ning\u00fan historial de procesamiento de tarjetas de cr\u00e9dito puede hacer que conseguir una cuenta de comerciante sea un reto. Por eso ofrecemos cuentas comerciales de terceros. El procesamiento por terceros ayuda a los comerciantes a aceptar pagos con tarjeta de cr\u00e9dito en su nombre hasta que los comerciantes est\u00e9n preparados para empezar a procesar por s\u00ed mismos.<\/p>\n<p><strong><\/strong><\/p>\n<p><strong>Informes en l\u00ednea<\/strong><\/p>\n<p>Consulta y gestiona la actividad de tu cuenta est\u00e9s donde est\u00e9s. No es necesario esperar a una declaraci\u00f3n. Nuestra herramienta de informes en l\u00ednea y en tiempo real pone a su alcance la informaci\u00f3n que necesita.<\/p>\n<p><strong><\/strong><\/p>\n<p><strong>Pasarela de comercio electr\u00f3nico<\/strong><\/p>\n<p>Procese en l\u00ednea los principales pagos con tarjeta de cr\u00e9dito y d\u00e9bito desde cualquier lugar del mundo de forma segura y en tiempo real. Soporte multidivisa.<\/p>\n<p><strong><\/strong><\/p>\n<p><strong>Cheques electr\u00f3nicos (Check 21)<\/strong><\/p>\n<p>Benef\u00edciese de Check 21, una ley federal que agiliza y hace m\u00e1s eficaz el procesamiento de cheques. Nuestra soluci\u00f3n entrega cheques digitales a su banco agregando pagos para una variedad de mercados diferentes, de modo que usted recibe su dinero r\u00e1pidamente.<\/p>\n<p><strong><\/strong><\/p>\n<p><strong>Servicios de garant\u00eda de cheques<\/strong><\/p>\n<p>Verifique los cheques in situ y reduzca el riesgo de cheques fraudulentos y devueltos. Acepte cheques con confianza.<\/p>\n<p><\/p>\n<p><strong>Pagos inal\u00e1mbricos y por Internet<\/strong><\/p>\n<p>Aumente las ventas, ahorre tiempo y reduzca los gastos operativos con el procesamiento inal\u00e1mbrico de tarjetas de cr\u00e9dito. Nuestro peque\u00f1o sistema port\u00e1til le permite aceptar tarjetas de cr\u00e9dito siempre que se encuentre sin l\u00ednea telef\u00f3nica. Reduzca la cantidad de efectivo que maneja al tiempo que reduce el riesgo de aceptar tarjetas robadas o fraudulentas.<\/p>\n<p><strong>Tarjeta promocional<\/strong><\/p>\n<p>Promocione su empresa con tarjetas regalo promocionales.  <br \/>Utilice este incentivo adicional para cerrar m\u00e1s ventas y fidelizar a sus clientes.<\/p>\n<p><em>Algunos ejemplos son:<\/em><\/p>\n<ul>\n<li>Gasta 100 $ en noviembre y consigue una tarjeta regalo de 20 $.<\/li>\n<li>Los 50 primeros clientes de este s\u00e1bado recibir\u00e1n una tarjeta regalo de 10 $.<\/li>\n<li>Financie 1000 $ y reciba una tarjeta regalo de 100<\/li>\n<li>Trae esta tarjeta a nuestra tienda el 30 de enero y descubre si vale 5 $, 50 $ o 500 $.<\/li>\n<li>Compre un traje a precio normal en abril y reciba una tarjeta regalo de 100 $.<\/li>\n<\/ul>\n<p>Con un pedido m\u00ednimo de s\u00f3lo 100 tarjetas, tendr\u00e1 la flexibilidad de crear una tarjeta promocional para cada una de sus iniciativas de marketing.<\/p>\n<p><\/p>\n<p><strong>PROCESAMIENTO DE MOTOS<\/strong><\/p>\n<p>MOTO, siglas de Mail Order\/Telephone Order, sigue ofreciendo muchas soluciones a los comerciantes que trabajan desde casa o utilizan los cat\u00e1logos y el telemarketing como parte importante de su negocio.<\/p>\n<p>Por mucho que los consumidores conf\u00eden en Internet para ir de compras, pagar sus facturas y gestionar sus cuentas, los d\u00edas del procesamiento telef\u00f3nico de tarjetas de cr\u00e9dito est\u00e1n lejos de haber terminado.<\/p>\n<p>Ofrecer opciones de pago flexibles es crucial para la satisfacci\u00f3n del cliente, y muchas empresas a\u00fan deben tener en cuenta a aquellos clientes que pueden no ser expertos en Internet, o que a\u00fan dudan en introducir su informaci\u00f3n sensible en Internet. Este temor es totalmente comprensible, ya que el robo electr\u00f3nico se hace cada vez m\u00e1s complejo con el crecimiento de las tecnolog\u00edas.<\/p>\n<p>El procesamiento telef\u00f3nico de tarjetas de cr\u00e9dito y las soluciones de procesamiento MOTO ofrecen a los consumidores una forma c\u00f3moda y fiable de realizar pagos seguros. Adem\u00e1s, los comerciantes pueden aumentar sus ventas al tiempo que reducen significativamente los costes, especialmente si las opciones de procesamiento en l\u00ednea no est\u00e1n dentro de sus posibilidades o presupuesto.<\/p>\n<p><\/p>\n<p><strong>Terminal virtual<\/strong><\/p>\n<p>Aunque el procesamiento de tarjetas de cr\u00e9dito en l\u00ednea puede no ser la soluci\u00f3n adecuada para todas las empresas, el procesamiento de tarjetas de cr\u00e9dito es sin duda una opci\u00f3n inteligente para cualquier comerciante que necesite aumentar las ventas y mejorar el servicio al cliente. Los comercios que trabajan desde casa o que no disponen de instalaciones f\u00edsicas para pasar tarjetas necesitan una forma f\u00e1cil y eficaz de aceptar tarjetas de cr\u00e9dito para aumentar sus ventas. Un terminal virtual seguro permite a los comerciantes introducir manualmente la informaci\u00f3n de las tarjetas de cr\u00e9dito en su sistema para transacciones MOTO. Entre las funciones del terminal virtual se incluyen las opciones de carga por lotes, que ayudan a agilizar el proceso para que las transacciones sean m\u00e1s r\u00e1pidas.<\/p>\n<p>Procesamiento multihilo de alto rendimiento. Trabaja eficazmente con archivos por lotes peque\u00f1os y grandes, desde archivos que contienen cientos de transacciones hasta archivos que contienen cientos de miles de transacciones.<\/p>\n<p><\/p>\n<p><strong><\/strong><\/p>\n<p><strong>Sistemas TPV r\u00e1pidos y seguros para transacciones eficientes en el punto de venta<\/strong><\/p>\n<p>Las soluciones de procesamiento de TPV son ideales para empresas que buscan una autorizaci\u00f3n de tarjetas de cr\u00e9dito segura y eficaz en el punto de venta.<\/p>\n<p>* Autorice tarjetas de cr\u00e9dito, d\u00e9bito y cheques casi al instante<br \/>* Elija entre una variedad de software de TPV y equipos de procesamiento que mejor se adapten a sus necesidades<br \/>* Aumente la seguridad con soluciones de procesamiento que cumplen la normativa PCI<\/p>\n<p><em>SISTEMAS POS PARA TRANSACCIONES R\u00c1PIDAS Y SENCILLAS  <\/em><br \/>Autorizar las transacciones de forma eficaz en el punto de venta es necesario para garantizar que su empresa mantiene un flujo de caja constante y una red segura. Un sistema TPV incluye un m\u00f3dulo de tarjetas de cr\u00e9dito integrado en su sistema inform\u00e1tico, en lugar de un terminal independiente.<\/p>\n<p>El sistema permite a los comercios determinar si el titular de una tarjeta es un usuario autorizado con cr\u00e9dito suficiente, instantes despu\u00e9s de pasar la tarjeta por el lector.<\/p>\n<p><em>PROCESAMIENTO SEGURO PCI EN EL PUNTO DE VENTA  <\/em><br \/>Proteger los datos confidenciales de su empresa y la informaci\u00f3n de las tarjetas de cr\u00e9dito de sus clientes es crucial para reducir el riesgo de fraude con tarjetas de cr\u00e9dito y proteger su negocio.<\/p>\n<p>Los sistemas TPV para tarjetas de cr\u00e9dito de BluePay cumplen las normas de seguridad PCI, lo que aumenta la fiabilidad de su negocio como comerciante seguro y responsable. Mantenga su negocio y a sus clientes seguros con BluePay.<\/p>\n<p><\/p>\n<p><\/p>\n<p>[\/et_pb_text][\/et_pb_column][\/et_pb_row][et_pb_row padding_mobile=\u00bboff\u00bb column_padding_mobile=\u00bbon\u00bb _builder_version=\u00bb4.16&#8243; background_size=\u00bbinitial\u00bb background_position=\u00bbtop_left\u00bb background_repeat=\u00bbrepeat\u00bb make_fullwidth=\u00bboff\u00bb use_custom_width=\u00bboff\u00bb width_unit=\u00bboff\u00bb custom_width_px=\u00bb1080px\u00bb custom_width_percent=\u00bb80%\u00bb global_colors_info=\u00bb{}\u00bb][et_pb_column type=\u00bb4_4&#8243; _builder_version=\u00bb4.16&#8243; custom_padding=\u00bb|||\u00bb global_colors_info=\u00bb{}\u00bb custom_padding__hover=\u00bb|||\u00bb][et_pb_text _builder_version=\u00bb4.16&#8243; background_size=\u00bbinitial\u00bb background_position=\u00bbtop_left\u00bb background_repeat=\u00bbrepeat\u00bb text_orientation=\u00bbcenter\u00bb module_alignment=\u00bbcenter\u00bb use_border_color=\u00bboff\u00bb border_style=\u00bbsolid\u00bb global_colors_info=\u00bb{}\u00bb]<\/p>\n<p style=\"text-align: left;\"><strong>Divisas e idiomas<\/strong><\/p>\n<ul style=\"text-align: left;\">\n<li>M\u00e1s de 150 divisas de todo el mundo<\/li>\n<li>Ampl\u00ede su alcance a nuevos mercados internacionales<\/li>\n<li>Procese las transacciones de pago en cualquier momento utilizando pr\u00e1cticamente cualquier idioma o divisa<\/li>\n<\/ul>\n<p style=\"text-align: left;\"><strong>Ahorre tiempo y dinero<\/strong><\/p>\n<ul style=\"text-align: left;\">\n<li>Procese transacciones al instante con una integraci\u00f3n r\u00e1pida y sencilla en su sitio web<\/li>\n<li>Integraci\u00f3n directa con su servidor o proveedor de pasarela actual<\/li>\n<li>Elimine productos y precios al instante sin asistencia t\u00e9cnica<\/li>\n<li>Evitar gastos de cumplimiento de normativas eliminando el tratamiento de los datos de los titulares de tarjetas<\/li>\n<li>Gestione el fraude y el riesgo de forma eficaz con herramientas que permiten una parametrizaci\u00f3n empresarial espec\u00edfica<\/li>\n<li>Elimine el carro de la compra de terceros, as\u00ed como el fraude y el gasto en herramientas de riesgo<\/li>\n<li>Gesti\u00f3n eficaz de varias tiendas web mediante informes consolidados<\/li>\n<li>Reducir los gastos generales del centro de atenci\u00f3n telef\u00f3nica al consumidor mediante la externalizaci\u00f3n<\/li>\n<li>Resolver r\u00e1pidamente los problemas de la empresa con un servicio y una atenci\u00f3n personalizados<\/li>\n<\/ul>\n<p style=\"text-align: left;\"><strong>Reducir el fraude y el riesgo empresarial<\/p>\n<p><\/strong><\/p>\n<ul style=\"text-align: left;\">\n<li>Proteja su empresa con una soluci\u00f3n de pasarela alojada, compatible con PCI y con cifrado SSL<\/li>\n<li>Detecte posibles fraudes antes de que se produzcan gracias a una exhaustiva supervisi\u00f3n de fraudes y riesgos<\/li>\n<li>Reduzca las devoluciones de cargos y las disputas prohibiendo las transacciones no autorizadas.<\/li>\n<li>Reducir las p\u00e9rdidas reales por fraude asociadas a mercanc\u00edas enviadas no aprobadas por el titular de la tarjeta<\/li>\n<li>Gesti\u00f3n de riesgos sofisticada<\/li>\n<li>Amplias herramientas contra el fraude<\/li>\n<\/ul>\n<p>[\/et_pb_text][\/et_pb_column][\/et_pb_row][\/et_pb_section]<\/p>\n","protected":false},"excerpt":{"rendered":"<p>Procesamiento de pagos Procesamiento multihilo de alto rendimiento. Trabaja eficazmente con archivos por lotes peque\u00f1os y grandes, desde archivos que contienen cientos de transacciones hasta archivos que contienen cientos de miles de transacciones. Procesamiento por terceros Tener poco o ning\u00fan historial de procesamiento de tarjetas de cr\u00e9dito puede hacer que conseguir una cuenta de comerciante [&hellip;]<\/p>\n","protected":false},"author":1,"featured_media":0,"parent":0,"menu_order":0,"comment_status":"closed","ping_status":"closed","template":"","meta":{"_et_pb_use_builder":"on","_et_pb_old_content":"","_et_gb_content_width":"","footnotes":""},"class_list":["post-4431","page","type-page","status-publish","hentry"],"_links":{"self":[{"href":"https:\/\/www.merchantconnections.com\/es\/wp-json\/wp\/v2\/pages\/4431"}],"collection":[{"href":"https:\/\/www.merchantconnections.com\/es\/wp-json\/wp\/v2\/pages"}],"about":[{"href":"https:\/\/www.merchantconnections.com\/es\/wp-json\/wp\/v2\/types\/page"}],"author":[{"embeddable":true,"href":"https:\/\/www.merchantconnections.com\/es\/wp-json\/wp\/v2\/users\/1"}],"replies":[{"embeddable":true,"href":"https:\/\/www.merchantconnections.com\/es\/wp-json\/wp\/v2\/comments?post=4431"}],"version-history":[{"count":2,"href":"https:\/\/www.merchantconnections.com\/es\/wp-json\/wp\/v2\/pages\/4431\/revisions"}],"predecessor-version":[{"id":4433,"href":"https:\/\/www.merchantconnections.com\/es\/wp-json\/wp\/v2\/pages\/4431\/revisions\/4433"}],"wp:attachment":[{"href":"https:\/\/www.merchantconnections.com\/es\/wp-json\/wp\/v2\/media?parent=4431"}],"curies":[{"name":"wp","href":"https:\/\/api.w.org\/{rel}","templated":true}]}}