{"id":4425,"date":"2016-11-04T14:25:41","date_gmt":"2016-11-04T14:25:41","guid":{"rendered":"https:\/\/www.merchantconnections.com\/sobre-nosotros\/"},"modified":"2023-01-13T19:56:09","modified_gmt":"2023-01-13T19:56:09","slug":"sobre-nosotros","status":"publish","type":"page","link":"https:\/\/www.merchantconnections.com\/es\/sobre-nosotros\/","title":{"rendered":"Sobre nosotros"},"content":{"rendered":"<p>[et_pb_section fb_built=\u00bb1&#8243; fullwidth=\u00bbon\u00bb _builder_version=\u00bb4.16&#8243; custom_padding=\u00bb0px|0px|0px|0px\u00bb transparent_background=\u00bboff\u00bb make_fullwidth=\u00bboff\u00bb use_custom_width=\u00bboff\u00bb width_unit=\u00bboff\u00bb custom_width_px=\u00bb1080px\u00bb custom_width_percent=\u00bb80%\u00bb global_colors_info=\u00bb{}\u00bb][et_pb_fullwidth_slider _builder_version=\u00bb4.16&#8243; header_font=\u00bbAbel||||\u00bb header_font_size=\u00bb72px\u00bb body_font_size=\u00bb22px\u00bb body_line_height=\u00bb1em\u00bb custom_padding=\u00bb|||\u00bb custom_padding_tablet=\u00bb|||\u00bb custom_padding_phone=\u00bb|||\u00bb box_shadow_style=\u00bbpreset6&#8243; box_shadow_blur=\u00bb10px\u00bb box_shadow_color=\u00bbrgba(0,0,0,0.1)\u00bb button_letter_spacing_hover=\u00bb0&#8243; remove_inner_shadow=\u00bboff\u00bb hide_content_on_mobile=\u00bboff\u00bb hide_cta_on_mobile=\u00bboff\u00bb show_inner_shadow=\u00bbon\u00bb global_colors_info=\u00bb{}\u00bb button_text_size__hover_enabled=\u00bboff\u00bb button_one_text_size__hover_enabled=\u00bboff\u00bb button_two_text_size__hover_enabled=\u00bboff\u00bb button_text_color__hover_enabled=\u00bboff\u00bb button_one_text_color__hover_enabled=\u00bboff\u00bb button_two_text_color__hover_enabled=\u00bboff\u00bb button_border_width__hover_enabled=\u00bboff\u00bb button_one_border_width__hover_enabled=\u00bboff\u00bb button_two_border_width__hover_enabled=\u00bboff\u00bb button_border_color__hover_enabled=\u00bboff\u00bb button_one_border_color__hover_enabled=\u00bboff\u00bb button_two_border_color__hover_enabled=\u00bboff\u00bb button_border_radius__hover_enabled=\u00bboff\u00bb button_one_border_radius__hover_enabled=\u00bboff\u00bb button_two_border_radius__hover_enabled=\u00bboff\u00bb button_letter_spacing__hover_enabled=\u00bbon\u00bb button_letter_spacing__hover=\u00bb0&#8243; button_one_letter_spacing__hover_enabled=\u00bboff\u00bb button_two_letter_spacing__hover_enabled=\u00bboff\u00bb button_bg_color__hover_enabled=\u00bboff\u00bb button_one_bg_color__hover_enabled=\u00bboff\u00bb button_two_bg_color__hover_enabled=\u00bboff\u00bb][et_pb_slide heading=\u00bbSobre nosotros\u00bb use_bg_overlay=\u00bbon\u00bb bg_overlay_color=\u00bbrgba(0,0,0,0.57)\u00bb _builder_version=\u00bb4.16&#8243; header_font=\u00bbAbel||||\u00bb body_font=\u00bbAbel||||\u00bb background_color=\u00bb#ffffff\u00bb background_image=\u00bb\/wp-content\/uploads\/2017\/01\/shutterstock_132203615.jpg\u00bb global_colors_info=\u00bb{}\u00bb sticky_transition=\u00bbon\u00bb button_text_size__hover_enabled=\u00bboff\u00bb button_one_text_size__hover_enabled=\u00bboff\u00bb button_two_text_size__hover_enabled=\u00bboff\u00bb button_text_color__hover_enabled=\u00bboff\u00bb button_one_text_color__hover_enabled=\u00bboff\u00bb button_two_text_color__hover_enabled=\u00bboff\u00bb button_border_width__hover_enabled=\u00bboff\u00bb button_one_border_width__hover_enabled=\u00bboff\u00bb button_two_border_width__hover_enabled=\u00bboff\u00bb button_border_color__hover_enabled=\u00bboff\u00bb button_one_border_color__hover_enabled=\u00bboff\u00bb button_two_border_color__hover_enabled=\u00bboff\u00bb button_border_radius__hover_enabled=\u00bboff\u00bb button_one_border_radius__hover_enabled=\u00bboff\u00bb button_two_border_radius__hover_enabled=\u00bboff\u00bb button_letter_spacing__hover_enabled=\u00bboff\u00bb button_one_letter_spacing__hover_enabled=\u00bboff\u00bb button_two_letter_spacing__hover_enabled=\u00bboff\u00bb button_bg_color__hover_enabled=\u00bboff\u00bb button_one_bg_color__hover_enabled=\u00bboff\u00bb button_two_bg_color__hover_enabled=\u00bboff\u00bb]Estamos aqu\u00ed para atender sus necesidades[\/et_pb_slide][\/et_pb_fullwidth_slider][\/et_pb_section][et_pb_section fb_built=\u00bb1&#8243; custom_padding_last_edited=\u00bbon|desktop\u00bb _builder_version=\u00bb4.16&#8243; custom_padding=\u00bb54px|0px|54px|0px\u00bb custom_padding_tablet=\u00bb50px|0|50px|0&#8243; transparent_background=\u00bboff\u00bb padding_mobile=\u00bboff\u00bb make_fullwidth=\u00bboff\u00bb use_custom_width=\u00bboff\u00bb width_unit=\u00bboff\u00bb custom_width_px=\u00bb1080px\u00bb custom_width_percent=\u00bb80%\u00bb global_colors_info=\u00bb{}\u00bb custom_padding_phone=\u00bb50px|0|50px|0&#8243;][et_pb_row padding_mobile=\u00bboff\u00bb column_padding_mobile=\u00bbon\u00bb _builder_version=\u00bb4.16&#8243; background_size=\u00bbinitial\u00bb background_position=\u00bbtop_left\u00bb background_repeat=\u00bbrepeat\u00bb make_fullwidth=\u00bboff\u00bb use_custom_width=\u00bboff\u00bb width_unit=\u00bboff\u00bb custom_width_px=\u00bb1080px\u00bb custom_width_percent=\u00bb80%\u00bb global_colors_info=\u00bb{}\u00bb][et_pb_column type=\u00bb4_4&#8243; _builder_version=\u00bb4.16&#8243; custom_padding=\u00bb|||\u00bb global_colors_info=\u00bb{}\u00bb custom_padding__hover=\u00bb|||\u00bb][et_pb_text _builder_version=\u00bb4.16&#8243; background_size=\u00bbinitial\u00bb background_position=\u00bbtop_left\u00bb background_repeat=\u00bbrepeat\u00bb text_orientation=\u00bbcenter\u00bb module_alignment=\u00bbcenter\u00bb use_border_color=\u00bboff\u00bb border_style=\u00bbsolid\u00bb global_colors_info=\u00bb{}\u00bb]<\/p>\n<div class=\"parallax-item\" data-url-id=\"about-us\" id=\"yui_3_17_2_1_1478269949654_184\">\n<div class=\"content\">\n<div class=\"content-inner has-content\" data-content-field=\"main-content\">\n<div class=\"sqs-layout sqs-grid-12 columns-12\" data-type=\"page\" data-updated-on=\"1469985200295\" id=\"page-5761eb0629687fa7422a4e64\">\n<div class=\"row sqs-row\">\n<div class=\"col sqs-col-12 span-12\">\n<div class=\"sqs-block html-block sqs-block-html\" data-block-type=\"2\" id=\"block-yui_3_17_2_2_1466042217786_10186\">\n<div class=\"sqs-block-content\">\n<h1 class=\"text-align-center\"><strong>M\u00e1s de 30 a\u00f1os de experiencia<\/strong><\/h1>\n<p class=\"text-align-center\">Especializados en el procesamiento global de pagos para empresas de todos los tama\u00f1os, disponemos de los conocimientos y recursos necesarios para mantener su negocio en marcha. Con m\u00e1s de 30 a\u00f1os de experiencia en servicios financieros de alto riesgo y m\u00e1s de una d\u00e9cada de experiencia en sistemas de pago digitales, sabemos que la \u00abtalla \u00fanica\u00bb no se adapta a nadie. Nuestro equipo est\u00e1 preparado para dise\u00f1ar un paquete rentable que se adapte a sus necesidades.<\/p>\n<h1 class=\"text-align-center\"><strong>No se conforme, consiga m\u00e1s<\/strong><\/h1>\n<p class=\"text-align-center\">Los informes en tiempo real y el apoyo contable a todos nuestros comerciantes y nuestros sistemas de pago seguro en l\u00ednea y por tel\u00e9fono son r\u00e1pidos y c\u00f3modos. Nuestras antiguas relaciones bancarias nos permiten ofrecer las mejores tarifas de procesamiento del sector. Mantenemos un equipo \u00e1gil y repercutimos ese ahorro en usted. Reduzca los costes de las transacciones de ausentes al tiempo que reduce su exposici\u00f3n al riesgo.  <\/p>\n<h1 class=\"text-align-center\"><strong>C\u00f3mo lo retribuimos<\/strong><\/h1>\n<p class=\"text-align-center\">La implicaci\u00f3n en la comunidad es un pilar de la \u00e9tica empresarial de Merchant Connection y del <g class=\"gr_ gr_26 gr-alert gr_gramm gr_run_anim Grammar multiReplace\" id=\"26\" data-gr-id=\"26\"><br \/>\n  <g class=\"gr_ gr_26 gr-alert gr_gramm gr_run_anim Grammar multiReplace\" id=\"26\" data-gr-id=\"26\">trabajo<\/g><br \/>\n<\/g> trabajo. En un mundo en el que el ego\u00edsmo puede eclipsar a la comunidad, queremos apoyar el bien com\u00fan y elevar a los dem\u00e1s para que tambi\u00e9n puedan alcanzar metas y vivir sue\u00f1os.  <\/p>\n<h3 class=\"text-align-center\"><strong>Causas que apoyamos:<\/strong><\/h3>\n<p>Jesuit High School &#8211; Nueva Orleans LA<br \/>Academia Smothers &#8211; Nueva Orleans LA<br \/>Team NOLA &#8211; Nueva Orleans, LA<br \/>AYSO &#8211; Regi\u00f3n #393, Palmdale CA<br \/>Banco de alimentos Second Harvest, Nueva Orleans, LA<br \/>Asociaci\u00f3n de Alzheimer<br \/>SPCA<\/p>\n<\/div>\n<\/div>\n<\/div>\n<\/div>\n<\/div>\n<\/div>\n<\/div>\n<\/div>\n<div class=\"parallax-item\" data-url-id=\"news-home-page\" id=\"yui_3_17_2_1_1478269949654_189\">\n<div class=\"content\">\n<div class=\"content-inner has-content\" data-content-field=\"main-content\">\n<div class=\"sqs-layout sqs-grid-12 columns-12\" data-type=\"page\" data-updated-on=\"1472156479062\" id=\"page-579f74c09de4bbe4b8637aae\">\n<div class=\"row sqs-row\">\n<div class=\"col sqs-col-12 span-12\">\n<div class=\"sqs-block html-block sqs-block-html\" data-block-type=\"2\" id=\"block-yui_3_17_2_4_1469486526642_81791\">\n<div class=\"sqs-block-content\"><\/div>\n<\/div>\n<\/div>\n<\/div>\n<\/div>\n<\/div>\n<\/div>\n<\/div>\n<p>[\/et_pb_text][\/et_pb_column][\/et_pb_row][\/et_pb_section]<\/p>\n","protected":false},"excerpt":{"rendered":"<p>Estamos aqu\u00ed para atender sus necesidades M\u00e1s de 30 a\u00f1os de experiencia Especializados en el procesamiento global de pagos para empresas de todos los tama\u00f1os, disponemos de los conocimientos y recursos necesarios para mantener su negocio en marcha. Con m\u00e1s de 30 a\u00f1os de experiencia en servicios financieros de alto riesgo y m\u00e1s de una [&hellip;]<\/p>\n","protected":false},"author":1,"featured_media":0,"parent":0,"menu_order":0,"comment_status":"closed","ping_status":"closed","template":"","meta":{"_et_pb_use_builder":"on","_et_pb_old_content":"","_et_gb_content_width":"","footnotes":""},"class_list":["post-4425","page","type-page","status-publish","hentry"],"_links":{"self":[{"href":"https:\/\/www.merchantconnections.com\/es\/wp-json\/wp\/v2\/pages\/4425"}],"collection":[{"href":"https:\/\/www.merchantconnections.com\/es\/wp-json\/wp\/v2\/pages"}],"about":[{"href":"https:\/\/www.merchantconnections.com\/es\/wp-json\/wp\/v2\/types\/page"}],"author":[{"embeddable":true,"href":"https:\/\/www.merchantconnections.com\/es\/wp-json\/wp\/v2\/users\/1"}],"replies":[{"embeddable":true,"href":"https:\/\/www.merchantconnections.com\/es\/wp-json\/wp\/v2\/comments?post=4425"}],"version-history":[{"count":2,"href":"https:\/\/www.merchantconnections.com\/es\/wp-json\/wp\/v2\/pages\/4425\/revisions"}],"predecessor-version":[{"id":4427,"href":"https:\/\/www.merchantconnections.com\/es\/wp-json\/wp\/v2\/pages\/4425\/revisions\/4427"}],"wp:attachment":[{"href":"https:\/\/www.merchantconnections.com\/es\/wp-json\/wp\/v2\/media?parent=4425"}],"curies":[{"name":"wp","href":"https:\/\/api.w.org\/{rel}","templated":true}]}}